{"id":3048,"date":"2025-10-14T22:12:42","date_gmt":"2025-10-14T20:12:42","guid":{"rendered":"https:\/\/www.wgladyduchowe.pl\/?page_id=3048"},"modified":"2025-10-15T17:56:38","modified_gmt":"2025-10-15T15:56:38","slug":"klauzula","status":"publish","type":"page","link":"https:\/\/www.wgladyduchowe.pl\/en\/klauzula\/","title":{"rendered":"Klauzula"},"content":{"rendered":"<div data-elementor-type=\"wp-page\" data-elementor-id=\"3048\" class=\"elementor elementor-3048\" data-elementor-post-type=\"page\">\n\t\t\t\t\t\t<section class=\"elementor-section elementor-top-section elementor-element elementor-element-0c140ad elementor-section-boxed elementor-section-height-default elementor-section-height-default\" data-id=\"0c140ad\" data-element_type=\"section\" data-settings=\"{&quot;_ha_eqh_enable&quot;:false,&quot;ekit_has_onepagescroll_dot&quot;:&quot;yes&quot;}\">\n\t\t\t\t\t\t<div class=\"elementor-container elementor-column-gap-default\">\n\t\t\t\t\t<div class=\"elementor-column elementor-col-100 elementor-top-column elementor-element elementor-element-e5f3163\" data-id=\"e5f3163\" data-element_type=\"column\">\n\t\t\t<div class=\"elementor-widget-wrap elementor-element-populated\">\n\t\t\t\t\t\t<div class=\"elementor-element elementor-element-a6bf6f6 elementor-widget elementor-widget-heading\" data-id=\"a6bf6f6\" data-element_type=\"widget\" data-settings=\"{&quot;ekit_we_effect_on&quot;:&quot;none&quot;}\" data-widget_type=\"heading.default\">\n\t\t\t\t<div class=\"elementor-widget-container\">\n\t\t\t<style>\/*! elementor - v3.22.0 - 17-06-2024 *\/\n.elementor-heading-title{padding:0;margin:0;line-height:1}.elementor-widget-heading .elementor-heading-title[class*=elementor-size-]>a{color:inherit;font-size:inherit;line-height:inherit}.elementor-widget-heading .elementor-heading-title.elementor-size-small{font-size:15px}.elementor-widget-heading .elementor-heading-title.elementor-size-medium{font-size:19px}.elementor-widget-heading .elementor-heading-title.elementor-size-large{font-size:29px}.elementor-widget-heading .elementor-heading-title.elementor-size-xl{font-size:39px}.elementor-widget-heading .elementor-heading-title.elementor-size-xxl{font-size:59px}<\/style><h2 class=\"elementor-heading-title elementor-size-default\">Zastrze\u017cenie prawne<\/h2>\t\t<\/div>\n\t\t\t\t<\/div>\n\t\t\t\t\t<\/div>\n\t\t<\/div>\n\t\t\t\t\t<\/div>\n\t\t<\/section>\n\t\t\t\t<section class=\"elementor-section elementor-top-section elementor-element elementor-element-9b4b928 elementor-section-boxed elementor-section-height-default elementor-section-height-default\" data-id=\"9b4b928\" data-element_type=\"section\" data-settings=\"{&quot;_ha_eqh_enable&quot;:false,&quot;ekit_has_onepagescroll_dot&quot;:&quot;yes&quot;}\">\n\t\t\t\t\t\t<div class=\"elementor-container elementor-column-gap-default\">\n\t\t\t\t\t<div class=\"elementor-column elementor-col-100 elementor-top-column elementor-element elementor-element-babb25c\" data-id=\"babb25c\" data-element_type=\"column\">\n\t\t\t<div class=\"elementor-widget-wrap elementor-element-populated\">\n\t\t\t\t\t\t<div class=\"elementor-element elementor-element-1d561fd elementor-widget elementor-widget-text-editor\" data-id=\"1d561fd\" data-element_type=\"widget\" data-settings=\"{&quot;ekit_we_effect_on&quot;:&quot;none&quot;}\" data-widget_type=\"text-editor.default\">\n\t\t\t\t<div class=\"elementor-widget-container\">\n\t\t\t<style>\/*! elementor - v3.22.0 - 17-06-2024 *\/\n.elementor-widget-text-editor.elementor-drop-cap-view-stacked .elementor-drop-cap{background-color:#69727d;color:#fff}.elementor-widget-text-editor.elementor-drop-cap-view-framed .elementor-drop-cap{color:#69727d;border:3px solid;background-color:transparent}.elementor-widget-text-editor:not(.elementor-drop-cap-view-default) .elementor-drop-cap{margin-top:8px}.elementor-widget-text-editor:not(.elementor-drop-cap-view-default) .elementor-drop-cap-letter{width:1em;height:1em}.elementor-widget-text-editor .elementor-drop-cap{float:left;text-align:center;line-height:1;font-size:50px}.elementor-widget-text-editor .elementor-drop-cap-letter{display:inline-block}<\/style>\t\t\t\t<p>\u00a0<\/p><p>Us\u0142ugi \u015bwiadczone przez Wgl\u0105dy Duchowe nie stanowi\u0105 \u015bwiadczenia zdrowotnego, porady medycznej, psychologicznej ani terapii w rozumieniu przepis\u00f3w prawa.<\/p><p>Wszelkie informacje przekazane w ramach sesji, raport\u00f3w lub konsultacji maj\u0105 charakter og\u00f3lny i s\u0142u\u017c\u0105 wy\u0142\u0105cznie wspieraniu dobrostanu, rozwoju osobistego oraz r\u00f3wnowagi energetycznej.<\/p><p>Osoby korzystaj\u0105ce z us\u0142ug s\u0105 zach\u0119cane do r\u00f3wnoleg\u0142ego dbania o zdrowie fizyczne i psychiczne poprzez kontakt z lekarzami, terapeutami lub innymi uprawnionymi specjalistami medycznymi.<\/p><p>Wgl\u0105dy Duchowe nie ponosz\u0105 odpowiedzialno\u015bci za decyzje podejmowane przez Klienta w oparciu o tre\u015b\u0107 raportu lub przebieg sesji.<\/p>\t\t\t\t\t\t<\/div>\n\t\t\t\t<\/div>\n\t\t\t\t\t<\/div>\n\t\t<\/div>\n\t\t\t\t\t<\/div>\n\t\t<\/section>\n\t\t\t\t<\/div>","protected":false},"excerpt":{"rendered":"<p>Zastrze\u017cenie prawne \u00a0 Us\u0142ugi \u015bwiadczone przez Wgl\u0105dy Duchowe nie stanowi\u0105 \u015bwiadczenia zdrowotnego, porady medycznej, psychologicznej ani terapii w rozumieniu przepis\u00f3w prawa. Wszelkie informacje przekazane w ramach sesji, raport\u00f3w lub konsultacji maj\u0105 charakter og\u00f3lny i s\u0142u\u017c\u0105 wy\u0142\u0105cznie wspieraniu dobrostanu, rozwoju osobistego oraz r\u00f3wnowagi energetycznej. Osoby korzystaj\u0105ce z us\u0142ug s\u0105 zach\u0119cane do r\u00f3wnoleg\u0142ego dbania o zdrowie fizyczne [&hellip;]<\/p>","protected":false},"author":1,"featured_media":0,"parent":0,"menu_order":0,"comment_status":"closed","ping_status":"closed","template":"elementor_header_footer","meta":{"footnotes":""},"class_list":["post-3048","page","type-page","status-publish","hentry"],"blocksy_meta":[],"_links":{"self":[{"href":"https:\/\/www.wgladyduchowe.pl\/en\/wp-json\/wp\/v2\/pages\/3048","targetHints":{"allow":["GET"]}}],"collection":[{"href":"https:\/\/www.wgladyduchowe.pl\/en\/wp-json\/wp\/v2\/pages"}],"about":[{"href":"https:\/\/www.wgladyduchowe.pl\/en\/wp-json\/wp\/v2\/types\/page"}],"author":[{"embeddable":true,"href":"https:\/\/www.wgladyduchowe.pl\/en\/wp-json\/wp\/v2\/users\/1"}],"replies":[{"embeddable":true,"href":"https:\/\/www.wgladyduchowe.pl\/en\/wp-json\/wp\/v2\/comments?post=3048"}],"version-history":[{"count":19,"href":"https:\/\/www.wgladyduchowe.pl\/en\/wp-json\/wp\/v2\/pages\/3048\/revisions"}],"predecessor-version":[{"id":3071,"href":"https:\/\/www.wgladyduchowe.pl\/en\/wp-json\/wp\/v2\/pages\/3048\/revisions\/3071"}],"wp:attachment":[{"href":"https:\/\/www.wgladyduchowe.pl\/en\/wp-json\/wp\/v2\/media?parent=3048"}],"curies":[{"name":"wp","href":"https:\/\/api.w.org\/{rel}","templated":true}]}}